{"id":1288,"date":"2015-07-12T10:34:07","date_gmt":"2015-07-12T16:34:07","guid":{"rendered":"https:\/\/www.roatanwonderlandtours.com\/product\/parasailing\/"},"modified":"2024-03-24T21:14:31","modified_gmt":"2024-03-25T03:14:31","slug":"parasailing","status":"publish","type":"product","link":"https:\/\/www.wonderlandroatantours.com\/es\/tours\/parasailing\/","title":{"rendered":"Parasailing"},"content":{"rendered":"<p>Hay pocas actividades que haci\u00e9ndolas pueden producir al mismo tiempo una descarga de adrenalina y una sensaci\u00f3n de relax y libertad&#8230; el Parasailing es una de ella.<\/p>\n<p>Totalmente seguro, el vuelo en este especial paraca\u00eddas librado arriba de las cristalinas aguas de West Bay le regalar\u00e1 un panorama \u00fanico ya que se podr\u00e1n elevar hasta unos 500 pies de altura y la vista de la bah\u00eda desde all\u00ed le quedar\u00e1 esculpida en la memoria para siempre.<\/p>\n<p>La amplitud del asiento y del ala permite que hasta 3 personas a la vez puedan compartir las mismas emociones, si el peso de los pasajeros y la fuerza del viento lo permite.<\/p>\n<p>Las operaciones son muy sencillas&#8230; se despega y aterriza f\u00e1cilmente desde la cubierta trasera de la lancha, no se vuela mojados &#8230;a menos que los pasajeros no lo deseen.<\/p>\n<p>El tiempo del vuelo es de aproximadamente de 10 minutos pero la duraci\u00f3n total de la excursi\u00f3n en lancha es mayor, depende de la cantidad de personas que van a volar (capacidad m\u00e1xima de la lancha 12 personas).<\/p>\n<p>Precios, condiciones y sugerencias para el tour:<\/p>\n<p>\u2022 Costo: *$70* por persona (no recomendado para ni\u00f1os menores de 5 a\u00f1os)<br \/>\n\u2022 Acompa\u00f1antes: los pasajeros que no van a volar pagan *$15* (opci\u00f3n disponible solo si sobra cupo en la lancha).<br \/>\n\u2022 Exenci\u00f3n de responsabilidad: debe ser firmado por todos los pasajeros que van a volar (para los menores de 18 a\u00f1os deber\u00e1 hacerlo uno de los padres o tutor).<br \/>\n\u2022 Tel\u00e9fonos o c\u00e1maras: imposible perderse la posibilidad de foto reportar una aventura como esta pero tome sus precauciones no seremos responsables bajo ninguna circunstancia por da\u00f1os o extrav\u00edos de sus equipos durante la navegaci\u00f3n o el vuelo.<\/p>\n<p>Placerat condimentum maecenas. Lobortis rutrum ac fermentum iaculis lacinia, facilisis Lorem integer.\u00a0Vitae imperdiet quis torquent rutrum fermentum neque.<!--more-->Aqu\u00ed empieza despues de More&#8230; Imperdiet nostra integer. Ornare diam dignissim, cras. Quam laoreet sagittis.<\/p>\n<table class=\"table table-bordered tours-tabs__table\" style=\"height: 233px;\" width=\"862\">\n<tbody>\n<tr>\n<td><strong>START\u00a0TIME<\/strong><\/td>\n<td>Please arrive by 7:45 AM.<\/td>\n<\/tr>\n<tr>\n<td><strong>END\u00a0TIME<\/strong><\/td>\n<td>Approximately 6:30 PM.<\/td>\n<\/tr>\n<tr>\n<td><strong>WEAR<\/strong><\/td>\n<td>Comfortable athletic clothing, hiking boots, hat, jacket and sunscreen.<\/td>\n<\/tr>\n<tr>\n<td><strong>INCLUDED<\/strong><\/td>\n<td>\n<table class=\"table table-bordered\" style=\"height: 62px;\" width=\"300\">\n<tbody>\n<tr>\n<td><i class=\"fa fa-check icon-tick icon-tick--on\"><\/i>Gu\u00eda Profesional instructor<\/td>\n<td><i class=\"fa fa-check icon-tick icon-tick--on\"><\/i>3 flights with instructor<\/td>\n<\/tr>\n<tr>\n<td><i class=\"fa fa-check icon-tick icon-tick--on\"><\/i>3 hours of\u00a0training<\/td>\n<td><i class=\"fa fa-check icon-tick icon-tick--on\"><\/i>Meals<\/td>\n<\/tr>\n<\/tbody>\n<\/table>\n<\/td>\n<\/tr>\n<tr>\n<td><b>NO INCLUIDO<\/b><\/td>\n<td>\n<table class=\"table table-bordered\" style=\"height: 62px;\" width=\"300\">\n<tbody>\n<tr>\n<td><i class=\"fa fa-times icon-tick icon-tick--off\"><\/i>Transporte<\/td>\n<\/tr>\n<tr>\n<td><i class=\"fa fa-times icon-tick icon-tick--off\"><\/i>Alimentaci\u00f3n<\/td>\n<\/tr>\n<\/tbody>\n<\/table>\n<\/td>\n<\/tr>\n<\/tbody>\n<\/table>\n<p>&nbsp;<\/p>\n","protected":false},"excerpt":{"rendered":"<p>Este es el Ecerpt<\/p>\n","protected":false},"featured_media":1296,"comment_status":"open","ping_status":"closed","template":"","meta":[],"product_brand":[],"product_cat":[69],"product_tag":[],"class_list":{"0":"post-1288","1":"product","2":"type-product","3":"status-publish","4":"has-post-thumbnail","6":"product_cat-sincategoria-es","7":"tour_category-dependiente-del-clima","8":"tour_category-paseo-aereo","10":"first","11":"instock","12":"shipping-taxable","13":"purchasable","14":"product-type-tour"},"yoast_head":"<!-- This site is optimized with the Yoast SEO plugin v27.4 - https:\/\/yoast.com\/product\/yoast-seo-wordpress\/ -->\n<title>Parasailing &#8902; Wonderland Roatan Tours<\/title>\n<meta name=\"robots\" content=\"index, follow, max-snippet:-1, max-image-preview:large, max-video-preview:-1\" \/>\n<link rel=\"canonical\" href=\"https:\/\/www.wonderlandroatantours.com\/es\/tours\/parasailing\/\" \/>\n<meta property=\"og:locale\" content=\"es_ES\" \/>\n<meta property=\"og:type\" content=\"article\" \/>\n<meta property=\"og:title\" content=\"Parasailing &#8902; Wonderland Roatan Tours\" \/>\n<meta property=\"og:description\" content=\"Este es el Ecerpt\" \/>\n<meta property=\"og:url\" content=\"https:\/\/www.wonderlandroatantours.com\/es\/tours\/parasailing\/\" \/>\n<meta property=\"og:site_name\" content=\"Wonderland Roatan Tours\" \/>\n<meta property=\"article:modified_time\" content=\"2024-03-25T03:14:31+00:00\" \/>\n<meta property=\"og:image\" content=\"https:\/\/www.wonderlandroatantours.com\/wp-content\/uploads\/2015\/07\/tests.jpg\" \/>\n\t<meta property=\"og:image:width\" content=\"1920\" \/>\n\t<meta property=\"og:image:height\" content=\"760\" \/>\n\t<meta property=\"og:image:type\" content=\"image\/jpeg\" \/>\n<meta name=\"twitter:card\" content=\"summary_large_image\" \/>\n<meta name=\"twitter:label1\" content=\"Tiempo de lectura\" \/>\n\t<meta name=\"twitter:data1\" content=\"2 minutos\" \/>\n<script type=\"application\/ld+json\" class=\"yoast-schema-graph\">{\"@context\":\"https:\\\/\\\/schema.org\",\"@graph\":[{\"@type\":\"WebPage\",\"@id\":\"https:\\\/\\\/www.wonderlandroatantours.com\\\/es\\\/tours\\\/parasailing\\\/\",\"url\":\"https:\\\/\\\/www.wonderlandroatantours.com\\\/es\\\/tours\\\/parasailing\\\/\",\"name\":\"Parasailing &#8902; Wonderland Roatan Tours\",\"isPartOf\":{\"@id\":\"https:\\\/\\\/www.wonderlandroatantours.com\\\/es\\\/#website\"},\"primaryImageOfPage\":{\"@id\":\"https:\\\/\\\/www.wonderlandroatantours.com\\\/es\\\/tours\\\/parasailing\\\/#primaryimage\"},\"image\":{\"@id\":\"https:\\\/\\\/www.wonderlandroatantours.com\\\/es\\\/tours\\\/parasailing\\\/#primaryimage\"},\"thumbnailUrl\":\"https:\\\/\\\/www.wonderlandroatantours.com\\\/wp-content\\\/uploads\\\/2015\\\/07\\\/tests.jpg\",\"datePublished\":\"2015-07-12T16:34:07+00:00\",\"dateModified\":\"2024-03-25T03:14:31+00:00\",\"breadcrumb\":{\"@id\":\"https:\\\/\\\/www.wonderlandroatantours.com\\\/es\\\/tours\\\/parasailing\\\/#breadcrumb\"},\"inLanguage\":\"es\",\"potentialAction\":[{\"@type\":\"ReadAction\",\"target\":[\"https:\\\/\\\/www.wonderlandroatantours.com\\\/es\\\/tours\\\/parasailing\\\/\"]}]},{\"@type\":\"ImageObject\",\"inLanguage\":\"es\",\"@id\":\"https:\\\/\\\/www.wonderlandroatantours.com\\\/es\\\/tours\\\/parasailing\\\/#primaryimage\",\"url\":\"https:\\\/\\\/www.wonderlandroatantours.com\\\/wp-content\\\/uploads\\\/2015\\\/07\\\/tests.jpg\",\"contentUrl\":\"https:\\\/\\\/www.wonderlandroatantours.com\\\/wp-content\\\/uploads\\\/2015\\\/07\\\/tests.jpg\",\"width\":1920,\"height\":760},{\"@type\":\"BreadcrumbList\",\"@id\":\"https:\\\/\\\/www.wonderlandroatantours.com\\\/es\\\/tours\\\/parasailing\\\/#breadcrumb\",\"itemListElement\":[{\"@type\":\"ListItem\",\"position\":1,\"name\":\"Home\",\"item\":\"https:\\\/\\\/www.wonderlandroatantours.com\\\/es\\\/\"},{\"@type\":\"ListItem\",\"position\":2,\"name\":\"Productos\",\"item\":\"https:\\\/\\\/www.wonderlandroatantours.com\\\/es\\\/shop\\\/\"},{\"@type\":\"ListItem\",\"position\":3,\"name\":\"Parasailing\"}]},{\"@type\":\"WebSite\",\"@id\":\"https:\\\/\\\/www.wonderlandroatantours.com\\\/es\\\/#website\",\"url\":\"https:\\\/\\\/www.wonderlandroatantours.com\\\/es\\\/\",\"name\":\"Wonderland Roatan Tours\",\"description\":\"Hotels and Resorts, Tours and Transportation on Roatan, Bay Islands\",\"potentialAction\":[{\"@type\":\"SearchAction\",\"target\":{\"@type\":\"EntryPoint\",\"urlTemplate\":\"https:\\\/\\\/www.wonderlandroatantours.com\\\/es\\\/?s={search_term_string}\"},\"query-input\":{\"@type\":\"PropertyValueSpecification\",\"valueRequired\":true,\"valueName\":\"search_term_string\"}}],\"inLanguage\":\"es\"}]}<\/script>\n<!-- \/ Yoast SEO plugin. -->","yoast_head_json":{"title":"Parasailing &#8902; Wonderland Roatan Tours","robots":{"index":"index","follow":"follow","max-snippet":"max-snippet:-1","max-image-preview":"max-image-preview:large","max-video-preview":"max-video-preview:-1"},"canonical":"https:\/\/www.wonderlandroatantours.com\/es\/tours\/parasailing\/","og_locale":"es_ES","og_type":"article","og_title":"Parasailing &#8902; Wonderland Roatan Tours","og_description":"Este es el Ecerpt","og_url":"https:\/\/www.wonderlandroatantours.com\/es\/tours\/parasailing\/","og_site_name":"Wonderland Roatan Tours","article_modified_time":"2024-03-25T03:14:31+00:00","og_image":[{"width":1920,"height":760,"url":"https:\/\/www.wonderlandroatantours.com\/wp-content\/uploads\/2015\/07\/tests.jpg","type":"image\/jpeg"}],"twitter_card":"summary_large_image","twitter_misc":{"Tiempo de lectura":"2 minutos"},"schema":{"@context":"https:\/\/schema.org","@graph":[{"@type":"WebPage","@id":"https:\/\/www.wonderlandroatantours.com\/es\/tours\/parasailing\/","url":"https:\/\/www.wonderlandroatantours.com\/es\/tours\/parasailing\/","name":"Parasailing &#8902; Wonderland Roatan Tours","isPartOf":{"@id":"https:\/\/www.wonderlandroatantours.com\/es\/#website"},"primaryImageOfPage":{"@id":"https:\/\/www.wonderlandroatantours.com\/es\/tours\/parasailing\/#primaryimage"},"image":{"@id":"https:\/\/www.wonderlandroatantours.com\/es\/tours\/parasailing\/#primaryimage"},"thumbnailUrl":"https:\/\/www.wonderlandroatantours.com\/wp-content\/uploads\/2015\/07\/tests.jpg","datePublished":"2015-07-12T16:34:07+00:00","dateModified":"2024-03-25T03:14:31+00:00","breadcrumb":{"@id":"https:\/\/www.wonderlandroatantours.com\/es\/tours\/parasailing\/#breadcrumb"},"inLanguage":"es","potentialAction":[{"@type":"ReadAction","target":["https:\/\/www.wonderlandroatantours.com\/es\/tours\/parasailing\/"]}]},{"@type":"ImageObject","inLanguage":"es","@id":"https:\/\/www.wonderlandroatantours.com\/es\/tours\/parasailing\/#primaryimage","url":"https:\/\/www.wonderlandroatantours.com\/wp-content\/uploads\/2015\/07\/tests.jpg","contentUrl":"https:\/\/www.wonderlandroatantours.com\/wp-content\/uploads\/2015\/07\/tests.jpg","width":1920,"height":760},{"@type":"BreadcrumbList","@id":"https:\/\/www.wonderlandroatantours.com\/es\/tours\/parasailing\/#breadcrumb","itemListElement":[{"@type":"ListItem","position":1,"name":"Home","item":"https:\/\/www.wonderlandroatantours.com\/es\/"},{"@type":"ListItem","position":2,"name":"Productos","item":"https:\/\/www.wonderlandroatantours.com\/es\/shop\/"},{"@type":"ListItem","position":3,"name":"Parasailing"}]},{"@type":"WebSite","@id":"https:\/\/www.wonderlandroatantours.com\/es\/#website","url":"https:\/\/www.wonderlandroatantours.com\/es\/","name":"Wonderland Roatan Tours","description":"Hotels and Resorts, Tours and Transportation on Roatan, Bay Islands","potentialAction":[{"@type":"SearchAction","target":{"@type":"EntryPoint","urlTemplate":"https:\/\/www.wonderlandroatantours.com\/es\/?s={search_term_string}"},"query-input":{"@type":"PropertyValueSpecification","valueRequired":true,"valueName":"search_term_string"}}],"inLanguage":"es"}]}},"_links":{"self":[{"href":"https:\/\/www.wonderlandroatantours.com\/es\/wp-json\/wp\/v2\/product\/1288","targetHints":{"allow":["GET"]}}],"collection":[{"href":"https:\/\/www.wonderlandroatantours.com\/es\/wp-json\/wp\/v2\/product"}],"about":[{"href":"https:\/\/www.wonderlandroatantours.com\/es\/wp-json\/wp\/v2\/types\/product"}],"replies":[{"embeddable":true,"href":"https:\/\/www.wonderlandroatantours.com\/es\/wp-json\/wp\/v2\/comments?post=1288"}],"wp:featuredmedia":[{"embeddable":true,"href":"https:\/\/www.wonderlandroatantours.com\/es\/wp-json\/wp\/v2\/media\/1296"}],"wp:attachment":[{"href":"https:\/\/www.wonderlandroatantours.com\/es\/wp-json\/wp\/v2\/media?parent=1288"}],"wp:term":[{"taxonomy":"product_brand","embeddable":true,"href":"https:\/\/www.wonderlandroatantours.com\/es\/wp-json\/wp\/v2\/product_brand?post=1288"},{"taxonomy":"product_cat","embeddable":true,"href":"https:\/\/www.wonderlandroatantours.com\/es\/wp-json\/wp\/v2\/product_cat?post=1288"},{"taxonomy":"product_tag","embeddable":true,"href":"https:\/\/www.wonderlandroatantours.com\/es\/wp-json\/wp\/v2\/product_tag?post=1288"}],"curies":[{"name":"wp","href":"https:\/\/api.w.org\/{rel}","templated":true}]}}