{"id":6265,"date":"2020-01-17T12:38:42","date_gmt":"2020-01-17T18:38:42","guid":{"rendered":"https:\/\/www.roatanwonderlandtours.com\/?post_type=product&#038;p=6265"},"modified":"2020-02-02T11:11:56","modified_gmt":"2020-02-02T17:11:56","slug":"infinity-bay-spa-and-beach-resort","status":"publish","type":"product","link":"https:\/\/www.wonderlandroatantours.com\/es\/tours\/infinity-bay-spa-and-beach-resort\/","title":{"rendered":"Infinity Bay Spa and Beach Resort"},"content":{"rendered":"<p class=\"tw-data-text tw-text-large tw-ta\" dir=\"ltr\" data-placeholder=\"Translation\"><span lang=\"es\" tabindex=\"0\"><b>Infinity Bay Spa y Beach Resort <\/b>&#8230;la emoci\u00f3n de quedarse en el resort con la mejor ubicaci\u00f3n en la hermosa playa de West Bay! Considerado tambi\u00e9n por muchos isle\u00f1os como uno de los establecimientos m\u00e1s fines de la isla y con una alta calidad de servicios y deliciosos platillos para degustarlos en la hermosa y amplia piscina o frente al mar.<\/span><\/p>\n<p class=\"tw-data-text tw-text-large tw-ta\" dir=\"ltr\" data-placeholder=\"Translation\"><span lang=\"es\" tabindex=\"0\">Paquete para <strong>6<\/strong><strong>\u00a0adultos<\/strong>\u00a0 solo <span style=\"color: #993300;\"><strong>$<\/strong><\/span>\u00a0por persona viajando en ferry desde La Ceiba o <span style=\"color: #993300;\"><strong>$<\/strong>\u00a0<\/span>en avi\u00f3n desde San Pedro o Tegucigalpa (con Aerol\u00edneas SOSA) , <span style=\"color: #993300;\"><strong>$<\/strong>\u00a0<\/span>en avi\u00f3n desde San Pedro o Tegucigalpa (con CM Airlines)<\/span><\/p>\n<p class=\"tw-data-text tw-text-large tw-ta\" dir=\"ltr\" data-placeholder=\"Translation\"><span lang=\"es\" tabindex=\"0\">Vean la tabla de precios completa en la pesta\u00f1a TARIFAS (sujeta a cambios seg\u00fan temporada). Viajan desde otra ciudad o pa\u00eds? <a href=\"https:\/\/www.roatanwonderlandtours.com\/es\/contacto\/\">Contactenos<\/a> para <\/span>personalizarle su paquete.<\/p>\n<p><em>&#8230;un adelanto de lo que incluye el paquete (vea el listado completo en la pesta\u00f1a INCLUYE):<\/em><\/p>\n<p><i class=\"fa fa-check icon-tick icon-tick--on\"><\/i> Boleto ida y vuelta de FERRY o AVION.<br \/>\n<i class=\"fa fa-check icon-tick icon-tick--on\"><\/i> Traslado al hotel ida y vuelta en horarios establecidos.<br \/>\n<i class=\"fa fa-check icon-tick icon-tick--on\"><\/i> Alojamiento, Desayuno, Almuerzo y Cena.<br \/>\n<i class=\"fa fa-check icon-tick icon-tick--on\"><\/i> Uso de las instalaciones del hotel.<br \/>\n<i class=\"fa fa-check icon-tick icon-tick--on\"><\/i> Impuestos hoteleros.<br \/>\n<i class=\"fa fa-check icon-tick icon-tick--on\"><\/i> &#8230;y mucho m\u00e1s (vea la pesta\u00f1a INCLUYE).<\/p>\n<p><img loading=\"lazy\" decoding=\"async\" class=\"alignnone size-full wp-image-2843\" src=\"https:\/\/www.roatanwonderlandtours.com\/wp-content\/uploads\/2019\/10\/roatan-wonderland-tours-fantasy-island-sunset-from-the-dock.jpg\" alt=\"Roatan Wonderland Tours Fantasy Island Sunset from the Dock\" width=\"1920\" height=\"760\" srcset=\"https:\/\/www.wonderlandroatantours.com\/wp-content\/uploads\/2019\/10\/roatan-wonderland-tours-fantasy-island-sunset-from-the-dock.jpg 1920w, https:\/\/www.wonderlandroatantours.com\/wp-content\/uploads\/2019\/10\/roatan-wonderland-tours-fantasy-island-sunset-from-the-dock-300x119.jpg 300w, https:\/\/www.wonderlandroatantours.com\/wp-content\/uploads\/2019\/10\/roatan-wonderland-tours-fantasy-island-sunset-from-the-dock-768x304.jpg 768w, https:\/\/www.wonderlandroatantours.com\/wp-content\/uploads\/2019\/10\/roatan-wonderland-tours-fantasy-island-sunset-from-the-dock-1024x405.jpg 1024w, https:\/\/www.wonderlandroatantours.com\/wp-content\/uploads\/2019\/10\/roatan-wonderland-tours-fantasy-island-sunset-from-the-dock-600x238.jpg 600w\" sizes=\"auto, (max-width: 1920px) 100vw, 1920px\" \/><\/p>\n","protected":false},"excerpt":{"rendered":"<p>Con una versi\u00f3n nueva y fresca, sigue siendo uno de los resorts m\u00e1s famosos con todo incluido en Roat\u00e1n, la elecci\u00f3n perfecta si buscas relax, buceo, snorkel y privacidad.<\/p>\n","protected":false},"featured_media":2859,"comment_status":"closed","ping_status":"closed","template":"","meta":[],"product_brand":[],"product_cat":[154,155],"product_tag":[],"class_list":{"0":"post-6265","1":"product","2":"type-product","3":"status-publish","4":"has-post-thumbnail","6":"product_cat-french-harbour-es","7":"product_cat-french-key-es","9":"first","10":"instock","11":"shipping-taxable","12":"purchasable","13":"product-type-tour"},"yoast_head":"<!-- This site is optimized with the Yoast SEO plugin v27.4 - https:\/\/yoast.com\/product\/yoast-seo-wordpress\/ -->\n<title>Infinity Bay Spa and Beach Resort &#8902; Wonderland Roatan Tours<\/title>\n<meta name=\"robots\" content=\"index, follow, max-snippet:-1, max-image-preview:large, max-video-preview:-1\" \/>\n<link rel=\"canonical\" href=\"https:\/\/www.wonderlandroatantours.com\/es\/tours\/infinity-bay-spa-and-beach-resort\/\" \/>\n<meta property=\"og:locale\" content=\"es_ES\" \/>\n<meta property=\"og:type\" content=\"article\" \/>\n<meta property=\"og:title\" content=\"Infinity Bay Spa and Beach Resort &#8902; Wonderland Roatan Tours\" \/>\n<meta property=\"og:description\" content=\"Con una versi\u00f3n nueva y fresca, sigue siendo uno de los resorts m\u00e1s famosos con todo incluido en Roat\u00e1n, la elecci\u00f3n perfecta si buscas relax, buceo, snorkel y privacidad.\" \/>\n<meta property=\"og:url\" content=\"https:\/\/www.wonderlandroatantours.com\/es\/tours\/infinity-bay-spa-and-beach-resort\/\" \/>\n<meta property=\"og:site_name\" content=\"Wonderland Roatan Tours\" \/>\n<meta property=\"article:modified_time\" content=\"2020-02-02T17:11:56+00:00\" \/>\n<meta property=\"og:image\" content=\"https:\/\/www.wonderlandroatantours.com\/wp-content\/uploads\/2019\/10\/roatan-wonderland-tours-fantasy-island-beach-2.jpg\" \/>\n\t<meta property=\"og:image:width\" content=\"1920\" \/>\n\t<meta property=\"og:image:height\" content=\"760\" \/>\n\t<meta property=\"og:image:type\" content=\"image\/jpeg\" \/>\n<meta name=\"twitter:card\" content=\"summary_large_image\" \/>\n<meta name=\"twitter:label1\" content=\"Tiempo de lectura\" \/>\n\t<meta name=\"twitter:data1\" content=\"1 minuto\" \/>\n<script type=\"application\/ld+json\" class=\"yoast-schema-graph\">{\"@context\":\"https:\\\/\\\/schema.org\",\"@graph\":[{\"@type\":\"WebPage\",\"@id\":\"https:\\\/\\\/www.wonderlandroatantours.com\\\/es\\\/tours\\\/infinity-bay-spa-and-beach-resort\\\/\",\"url\":\"https:\\\/\\\/www.wonderlandroatantours.com\\\/es\\\/tours\\\/infinity-bay-spa-and-beach-resort\\\/\",\"name\":\"Infinity Bay Spa and Beach Resort &#8902; Wonderland Roatan Tours\",\"isPartOf\":{\"@id\":\"https:\\\/\\\/www.wonderlandroatantours.com\\\/es\\\/#website\"},\"primaryImageOfPage\":{\"@id\":\"https:\\\/\\\/www.wonderlandroatantours.com\\\/es\\\/tours\\\/infinity-bay-spa-and-beach-resort\\\/#primaryimage\"},\"image\":{\"@id\":\"https:\\\/\\\/www.wonderlandroatantours.com\\\/es\\\/tours\\\/infinity-bay-spa-and-beach-resort\\\/#primaryimage\"},\"thumbnailUrl\":\"https:\\\/\\\/www.wonderlandroatantours.com\\\/wp-content\\\/uploads\\\/2019\\\/10\\\/roatan-wonderland-tours-fantasy-island-beach-2.jpg\",\"datePublished\":\"2020-01-17T18:38:42+00:00\",\"dateModified\":\"2020-02-02T17:11:56+00:00\",\"breadcrumb\":{\"@id\":\"https:\\\/\\\/www.wonderlandroatantours.com\\\/es\\\/tours\\\/infinity-bay-spa-and-beach-resort\\\/#breadcrumb\"},\"inLanguage\":\"es\",\"potentialAction\":[{\"@type\":\"ReadAction\",\"target\":[\"https:\\\/\\\/www.wonderlandroatantours.com\\\/es\\\/tours\\\/infinity-bay-spa-and-beach-resort\\\/\"]}]},{\"@type\":\"ImageObject\",\"inLanguage\":\"es\",\"@id\":\"https:\\\/\\\/www.wonderlandroatantours.com\\\/es\\\/tours\\\/infinity-bay-spa-and-beach-resort\\\/#primaryimage\",\"url\":\"https:\\\/\\\/www.wonderlandroatantours.com\\\/wp-content\\\/uploads\\\/2019\\\/10\\\/roatan-wonderland-tours-fantasy-island-beach-2.jpg\",\"contentUrl\":\"https:\\\/\\\/www.wonderlandroatantours.com\\\/wp-content\\\/uploads\\\/2019\\\/10\\\/roatan-wonderland-tours-fantasy-island-beach-2.jpg\",\"width\":1920,\"height\":760,\"caption\":\"Roatan Wonderland Tours Fantasy Island Beach\"},{\"@type\":\"BreadcrumbList\",\"@id\":\"https:\\\/\\\/www.wonderlandroatantours.com\\\/es\\\/tours\\\/infinity-bay-spa-and-beach-resort\\\/#breadcrumb\",\"itemListElement\":[{\"@type\":\"ListItem\",\"position\":1,\"name\":\"Home\",\"item\":\"https:\\\/\\\/www.wonderlandroatantours.com\\\/es\\\/\"},{\"@type\":\"ListItem\",\"position\":2,\"name\":\"Productos\",\"item\":\"https:\\\/\\\/www.wonderlandroatantours.com\\\/es\\\/shop\\\/\"},{\"@type\":\"ListItem\",\"position\":3,\"name\":\"Infinity Bay Spa and Beach Resort\"}]},{\"@type\":\"WebSite\",\"@id\":\"https:\\\/\\\/www.wonderlandroatantours.com\\\/es\\\/#website\",\"url\":\"https:\\\/\\\/www.wonderlandroatantours.com\\\/es\\\/\",\"name\":\"Wonderland Roatan Tours\",\"description\":\"Hotels and Resorts, Tours and Transportation on Roatan, Bay Islands\",\"potentialAction\":[{\"@type\":\"SearchAction\",\"target\":{\"@type\":\"EntryPoint\",\"urlTemplate\":\"https:\\\/\\\/www.wonderlandroatantours.com\\\/es\\\/?s={search_term_string}\"},\"query-input\":{\"@type\":\"PropertyValueSpecification\",\"valueRequired\":true,\"valueName\":\"search_term_string\"}}],\"inLanguage\":\"es\"}]}<\/script>\n<!-- \/ Yoast SEO plugin. -->","yoast_head_json":{"title":"Infinity Bay Spa and Beach Resort &#8902; Wonderland Roatan Tours","robots":{"index":"index","follow":"follow","max-snippet":"max-snippet:-1","max-image-preview":"max-image-preview:large","max-video-preview":"max-video-preview:-1"},"canonical":"https:\/\/www.wonderlandroatantours.com\/es\/tours\/infinity-bay-spa-and-beach-resort\/","og_locale":"es_ES","og_type":"article","og_title":"Infinity Bay Spa and Beach Resort &#8902; Wonderland Roatan Tours","og_description":"Con una versi\u00f3n nueva y fresca, sigue siendo uno de los resorts m\u00e1s famosos con todo incluido en Roat\u00e1n, la elecci\u00f3n perfecta si buscas relax, buceo, snorkel y privacidad.","og_url":"https:\/\/www.wonderlandroatantours.com\/es\/tours\/infinity-bay-spa-and-beach-resort\/","og_site_name":"Wonderland Roatan Tours","article_modified_time":"2020-02-02T17:11:56+00:00","og_image":[{"width":1920,"height":760,"url":"https:\/\/www.wonderlandroatantours.com\/wp-content\/uploads\/2019\/10\/roatan-wonderland-tours-fantasy-island-beach-2.jpg","type":"image\/jpeg"}],"twitter_card":"summary_large_image","twitter_misc":{"Tiempo de lectura":"1 minuto"},"schema":{"@context":"https:\/\/schema.org","@graph":[{"@type":"WebPage","@id":"https:\/\/www.wonderlandroatantours.com\/es\/tours\/infinity-bay-spa-and-beach-resort\/","url":"https:\/\/www.wonderlandroatantours.com\/es\/tours\/infinity-bay-spa-and-beach-resort\/","name":"Infinity Bay Spa and Beach Resort &#8902; Wonderland Roatan Tours","isPartOf":{"@id":"https:\/\/www.wonderlandroatantours.com\/es\/#website"},"primaryImageOfPage":{"@id":"https:\/\/www.wonderlandroatantours.com\/es\/tours\/infinity-bay-spa-and-beach-resort\/#primaryimage"},"image":{"@id":"https:\/\/www.wonderlandroatantours.com\/es\/tours\/infinity-bay-spa-and-beach-resort\/#primaryimage"},"thumbnailUrl":"https:\/\/www.wonderlandroatantours.com\/wp-content\/uploads\/2019\/10\/roatan-wonderland-tours-fantasy-island-beach-2.jpg","datePublished":"2020-01-17T18:38:42+00:00","dateModified":"2020-02-02T17:11:56+00:00","breadcrumb":{"@id":"https:\/\/www.wonderlandroatantours.com\/es\/tours\/infinity-bay-spa-and-beach-resort\/#breadcrumb"},"inLanguage":"es","potentialAction":[{"@type":"ReadAction","target":["https:\/\/www.wonderlandroatantours.com\/es\/tours\/infinity-bay-spa-and-beach-resort\/"]}]},{"@type":"ImageObject","inLanguage":"es","@id":"https:\/\/www.wonderlandroatantours.com\/es\/tours\/infinity-bay-spa-and-beach-resort\/#primaryimage","url":"https:\/\/www.wonderlandroatantours.com\/wp-content\/uploads\/2019\/10\/roatan-wonderland-tours-fantasy-island-beach-2.jpg","contentUrl":"https:\/\/www.wonderlandroatantours.com\/wp-content\/uploads\/2019\/10\/roatan-wonderland-tours-fantasy-island-beach-2.jpg","width":1920,"height":760,"caption":"Roatan Wonderland Tours Fantasy Island Beach"},{"@type":"BreadcrumbList","@id":"https:\/\/www.wonderlandroatantours.com\/es\/tours\/infinity-bay-spa-and-beach-resort\/#breadcrumb","itemListElement":[{"@type":"ListItem","position":1,"name":"Home","item":"https:\/\/www.wonderlandroatantours.com\/es\/"},{"@type":"ListItem","position":2,"name":"Productos","item":"https:\/\/www.wonderlandroatantours.com\/es\/shop\/"},{"@type":"ListItem","position":3,"name":"Infinity Bay Spa and Beach Resort"}]},{"@type":"WebSite","@id":"https:\/\/www.wonderlandroatantours.com\/es\/#website","url":"https:\/\/www.wonderlandroatantours.com\/es\/","name":"Wonderland Roatan Tours","description":"Hotels and Resorts, Tours and Transportation on Roatan, Bay Islands","potentialAction":[{"@type":"SearchAction","target":{"@type":"EntryPoint","urlTemplate":"https:\/\/www.wonderlandroatantours.com\/es\/?s={search_term_string}"},"query-input":{"@type":"PropertyValueSpecification","valueRequired":true,"valueName":"search_term_string"}}],"inLanguage":"es"}]}},"_links":{"self":[{"href":"https:\/\/www.wonderlandroatantours.com\/es\/wp-json\/wp\/v2\/product\/6265","targetHints":{"allow":["GET"]}}],"collection":[{"href":"https:\/\/www.wonderlandroatantours.com\/es\/wp-json\/wp\/v2\/product"}],"about":[{"href":"https:\/\/www.wonderlandroatantours.com\/es\/wp-json\/wp\/v2\/types\/product"}],"replies":[{"embeddable":true,"href":"https:\/\/www.wonderlandroatantours.com\/es\/wp-json\/wp\/v2\/comments?post=6265"}],"wp:featuredmedia":[{"embeddable":true,"href":"https:\/\/www.wonderlandroatantours.com\/es\/wp-json\/wp\/v2\/media\/2859"}],"wp:attachment":[{"href":"https:\/\/www.wonderlandroatantours.com\/es\/wp-json\/wp\/v2\/media?parent=6265"}],"wp:term":[{"taxonomy":"product_brand","embeddable":true,"href":"https:\/\/www.wonderlandroatantours.com\/es\/wp-json\/wp\/v2\/product_brand?post=6265"},{"taxonomy":"product_cat","embeddable":true,"href":"https:\/\/www.wonderlandroatantours.com\/es\/wp-json\/wp\/v2\/product_cat?post=6265"},{"taxonomy":"product_tag","embeddable":true,"href":"https:\/\/www.wonderlandroatantours.com\/es\/wp-json\/wp\/v2\/product_tag?post=6265"}],"curies":[{"name":"wp","href":"https:\/\/api.w.org\/{rel}","templated":true}]}}